{"id":12864,"date":"2016-06-06T18:48:46","date_gmt":"2016-06-06T21:48:46","guid":{"rendered":"http:\/\/www.leolara.com.br\/novo\/?page_id=12864"},"modified":"2016-08-25T16:55:09","modified_gmt":"2016-08-25T19:55:09","slug":"perfil","status":"publish","type":"page","link":"http:\/\/www.leolara.com.br\/novo\/perfil\/","title":{"rendered":"Perfil"},"content":{"rendered":"<div class=\"fusion-one-sixth fusion-layout-column fusion-column spacing-yes\"><div class=\"fusion-column-wrapper\"><\/div><\/div><div class=\"fusion-one-fifth fusion-layout-column fusion-column spacing-yes\"><div class=\"fusion-column-wrapper\" style=\"padding:20px;\"><div class=\"imageframe-align-center\"><span class=\"fusion-imageframe imageframe imageframe-none imageframe-1\"> <img decoding=\"async\" alt=\"\" src=\"http:\/\/www.leolara.com.br\/novo\/wp-content\/uploads\/2016\/06\/Tra\u00e7o-Leo-229x300.jpg\" class=\"img-responsive\" \/><\/span><\/div><\/div><\/div><div class=\"fusion-one-half one_half fusion-layout-column fusion-column last spacing-yes\"><div class=\"fusion-column-wrapper\" style=\"padding:20px;\">\n<p style=\"text-align: center;\">Leo Lara,\u00a0 iniciou-se na fotografia em 1986 como assistente do fot\u00f3grafo italiano Umberto Cerri que na ocasi\u00e3o era referencia na fotografia industrial em Belo Horizonte.<\/p>\n<p style=\"text-align: center;\">Formado em Publicidade e Propaganda pela Fafi-Bh em 1990 e p\u00f3s graduado em Cinema pela PUC Minas em 2002, atua na \u00e1rea cultural h\u00e1 mais de 18 anos sendo fot\u00f3grafo oficial das mostras de cinema em Belo Horizonte, Ouro Preto e Tiradentes. Coordenou a fotografia de campanhas pol\u00edticas para o Governo de Minas em 1998, 2002, e 2010. Na \u00e1rea do fotojornalismo, participou de cadernos especiais para Globo, JB e O TEMPO onde exerceu a fun\u00e7\u00e3o de editor de fotografia de outubro de 2005 a fevereiro de 2012.\u00a0 Atualmente trabalha de forma aut\u00f4noma e integra o Coletivo uaiPhone. Colabora na curadoria de projetos audiovisuais do Foto em Pauta Tiradentes. Como fot\u00f3grafo na \u00e1rea corporativa e de eventos, executou trabalhos para diversas empresas como ARVORE DE COMUNICA\u00c7\u00c3O, AUT\u00caNTICA EDITORA, DASEIN EXECUTIVE SEARCH , DOMANI COMUNICA\u00c7\u00c3O, ESPIRAL\/RJ, FIAT AUTOMOVEIS, CASA FIAT DE CULTURA, FUNDA\u00c7\u00c3O TOMIE OHTAKE, LSM, MAR\u00c7O PRODU\u00c7\u00d5ES, NOVA ERA SILICON, PERSONAL PRESS, RETECH, STUDIO CERRI, UNIVERSO PRODU\u00c7\u00c3O, entre outras.<\/p>\n<\/div><\/div><div class=\"fusion-clearfix\"><\/div>\n","protected":false},"excerpt":{"rendered":"","protected":false},"author":1,"featured_media":0,"parent":0,"menu_order":0,"comment_status":"closed","ping_status":"closed","template":"","meta":{"footnotes":""},"class_list":["post-12864","page","type-page","status-publish","hentry"],"jetpack_sharing_enabled":true,"_links":{"self":[{"href":"http:\/\/www.leolara.com.br\/novo\/wp-json\/wp\/v2\/pages\/12864","targetHints":{"allow":["GET"]}}],"collection":[{"href":"http:\/\/www.leolara.com.br\/novo\/wp-json\/wp\/v2\/pages"}],"about":[{"href":"http:\/\/www.leolara.com.br\/novo\/wp-json\/wp\/v2\/types\/page"}],"author":[{"embeddable":true,"href":"http:\/\/www.leolara.com.br\/novo\/wp-json\/wp\/v2\/users\/1"}],"replies":[{"embeddable":true,"href":"http:\/\/www.leolara.com.br\/novo\/wp-json\/wp\/v2\/comments?post=12864"}],"version-history":[{"count":10,"href":"http:\/\/www.leolara.com.br\/novo\/wp-json\/wp\/v2\/pages\/12864\/revisions"}],"predecessor-version":[{"id":12979,"href":"http:\/\/www.leolara.com.br\/novo\/wp-json\/wp\/v2\/pages\/12864\/revisions\/12979"}],"wp:attachment":[{"href":"http:\/\/www.leolara.com.br\/novo\/wp-json\/wp\/v2\/media?parent=12864"}],"curies":[{"name":"wp","href":"https:\/\/api.w.org\/{rel}","templated":true}]}}