{"id":12933,"date":"2016-06-06T22:19:04","date_gmt":"2016-06-07T01:19:04","guid":{"rendered":"http:\/\/www.leolara.com.br\/novo\/?page_id=12933"},"modified":"2017-03-13T16:21:11","modified_gmt":"2017-03-13T19:21:11","slug":"corporativo","status":"publish","type":"page","link":"http:\/\/www.leolara.com.br\/novo\/portifolio\/corporativo\/","title":{"rendered":"Corporativo"},"content":{"rendered":"<div class=\"fusion-fullwidth fullwidth-box\" style=\"background-color:#242424;background-attachment:scroll;background-position:left top;background-repeat:no-repeat;-webkit-background-size:cover;-moz-background-size:cover;-o-background-size:cover;background-size:cover;border-color:#3e3e3e;border-bottom-width: 0px;border-top-width: 0px;border-bottom-style: solid;border-top-style: solid;padding-bottom:20px;padding-left:0px;padding-right:0px;padding-top:20px;\"><div class=\"avada-row\"><div class=\"imageframe-align-center\"><span class=\"fusion-imageframe imageframe imageframe-none imageframe-1\"> <img decoding=\"async\" alt=\"\" src=\"http:\/\/www.leolara.com.br\/novo\/wp-content\/uploads\/2016\/06\/05032015_Foto-Leo-Lara__MG_4405-2.jpg\" class=\"img-responsive\" \/><\/span><\/div><div class=\"fusion-title title\"><div class=\"title-sep-container\"><div class=\"title-sep sep-single\"><\/div><\/div><h1 class=\"title-heading-right\">INOVA Biotecnologia    <\/h1><\/div><div class=\"imageframe-align-center\"><span class=\"fusion-imageframe imageframe imageframe-none imageframe-2\"> <img decoding=\"async\" alt=\"\" src=\"http:\/\/www.leolara.com.br\/novo\/wp-content\/uploads\/2016\/06\/07042015_Foto-Leo-Lara__MG_2671.jpg\" class=\"img-responsive\" \/><\/span><\/div><div class=\"fusion-title title\"><div class=\"title-sep-container\"><div class=\"title-sep sep-single\"><\/div><\/div><h1 class=\"title-heading-right\">HTP Solution    <\/h1><\/div><div class=\"imageframe-align-center\"><span class=\"fusion-imageframe imageframe imageframe-none imageframe-3\"> <img decoding=\"async\" alt=\"\" src=\"http:\/\/www.leolara.com.br\/novo\/wp-content\/uploads\/2016\/06\/CompatibilidadeEletromagn\u00bftica2.jpg\" class=\"img-responsive\" \/><\/span><\/div><div class=\"fusion-title title\"><div class=\"title-sep-container\"><div class=\"title-sep sep-single\"><\/div><\/div><h1 class=\"title-heading-right\">FCA &#8211; Fiat Chrysler Automobiles    <\/h1><\/div><div class=\"imageframe-align-center\"><span class=\"fusion-imageframe imageframe imageframe-none imageframe-4\"> <img decoding=\"async\" alt=\"\" src=\"http:\/\/www.leolara.com.br\/novo\/wp-content\/uploads\/2016\/06\/20151106Foto-Leo-Lara-_MG_9836.jpg\" class=\"img-responsive\" \/><\/span><\/div><div class=\"fusion-title title\"><div class=\"title-sep-container\"><div class=\"title-sep sep-single\"><\/div><\/div><h1 class=\"title-heading-right\">RAJA Renta a Car    <\/h1><\/div><div class=\"imageframe-align-center\"><span class=\"fusion-imageframe imageframe imageframe-none imageframe-5\"> <img decoding=\"async\" alt=\"\" src=\"http:\/\/www.leolara.com.br\/novo\/wp-content\/uploads\/2016\/06\/18052015-Foto-Leo-Lara_MG_1071-1.jpg\" class=\"img-responsive\" \/><\/span><\/div><div class=\"fusion-title title\"><div class=\"title-sep-container\"><div class=\"title-sep sep-single\"><\/div><\/div><h1 class=\"title-heading-right\">Hermes Pardini    <\/h1><\/div><div class=\"imageframe-align-center\"><span class=\"fusion-imageframe imageframe imageframe-none imageframe-6\"> <img decoding=\"async\" alt=\"\" src=\"http:\/\/www.leolara.com.br\/novo\/wp-content\/uploads\/2016\/06\/24092013-Foto-Leo-Lara-_PL_1025.jpg\" class=\"img-responsive\" \/><\/span><\/div><div class=\"fusion-title title\"><div class=\"title-sep-container\"><div class=\"title-sep sep-single\"><\/div><\/div><h1 class=\"title-heading-right\">Dasein Executive Search    <\/h1><\/div><span class=\"fusion-imageframe imageframe imageframe-none imageframe-7\"> <img decoding=\"async\" alt=\"\" src=\"http:\/\/www.leolara.com.br\/novo\/wp-content\/uploads\/2016\/06\/logistica_externa_037.jpg\" class=\"img-responsive\" \/><\/span><div class=\"fusion-title title\"><div class=\"title-sep-container\"><div class=\"title-sep sep-single\"><\/div><\/div><h1 class=\"title-heading-right\">FCA &#8211; Fiat Chrysler Automobiles    <\/h1><\/div><span class=\"fusion-imageframe imageframe imageframe-none imageframe-8\"> <img decoding=\"async\" alt=\"\" src=\"http:\/\/www.leolara.com.br\/novo\/wp-content\/uploads\/2016\/06\/foto115.jpg\" class=\"img-responsive\" \/><\/span><div class=\"fusion-title title\"><div class=\"title-sep-container\"><div class=\"title-sep sep-single\"><\/div><\/div><h1 class=\"title-heading-right\">ABRAFE &#8211; Associa\u00e7\u00e3o Brasileira dos Produtores de Ferroligas e Sil\u00edcio Met\u00e1lico    <\/h1><\/div><span class=\"fusion-imageframe imageframe imageframe-none imageframe-9\"> <img decoding=\"async\" alt=\"\" src=\"http:\/\/www.leolara.com.br\/novo\/wp-content\/uploads\/2016\/06\/29112013-Foto-Leo-Lara-_PL_1123.jpg\" class=\"img-responsive\" \/><\/span><div class=\"fusion-title title\"><div class=\"title-sep-container\"><div class=\"title-sep sep-single\"><\/div><\/div><h1 class=\"title-heading-right\">SONAR Investimentos    <\/h1><\/div><span class=\"fusion-imageframe imageframe imageframe-none imageframe-10\"> <img decoding=\"async\" alt=\"\" src=\"http:\/\/www.leolara.com.br\/novo\/wp-content\/uploads\/2016\/06\/IMG_1771.jpg\" class=\"img-responsive\" \/><\/span><div class=\"fusion-title title\"><div class=\"title-sep-container\"><div class=\"title-sep sep-single\"><\/div><\/div><h1 class=\"title-heading-right\">Al\u00f4 &#8211; Aventuras e Expedi\u00e7\u00f5es    <\/h1><\/div><span class=\"fusion-imageframe imageframe imageframe-none imageframe-11\"> <img decoding=\"async\" alt=\"\" src=\"http:\/\/www.leolara.com.br\/novo\/wp-content\/uploads\/2016\/06\/PL_8363.jpg\" class=\"img-responsive\" \/><\/span><div class=\"fusion-title title\"><div class=\"title-sep-container\"><div class=\"title-sep sep-single\"><\/div><\/div><h1 class=\"title-heading-right\">Governo Federal    <\/h1><\/div><span class=\"fusion-imageframe imageframe imageframe-none imageframe-12\"> <img decoding=\"async\" alt=\"\" src=\"http:\/\/www.leolara.com.br\/novo\/wp-content\/uploads\/2016\/06\/prova_hidrica_011.jpg\" class=\"img-responsive\" \/><\/span><div class=\"fusion-title title\"><div class=\"title-sep-container\"><div class=\"title-sep sep-single\"><\/div><\/div><h1 class=\"title-heading-right\">FCA &#8211; Fiat Chrysler Automobiles    <\/h1><\/div><span class=\"fusion-imageframe imageframe imageframe-none imageframe-13\"> <img decoding=\"async\" alt=\"\" src=\"http:\/\/www.leolara.com.br\/novo\/wp-content\/uploads\/2016\/06\/foto4-1.jpg\" class=\"img-responsive\" \/><\/span><div class=\"fusion-title title\"><div class=\"title-sep-container\"><div class=\"title-sep sep-single\"><\/div><\/div><h1 class=\"title-heading-right\">ABRAFE &#8211; Associa\u00e7\u00e3o Brasileira dos Produtores de Ferroligas e Sil\u00edcio Met\u00e1lico    <\/h1><\/div><span class=\"fusion-imageframe imageframe imageframe-none imageframe-14\"> <img decoding=\"async\" alt=\"\" src=\"http:\/\/www.leolara.com.br\/novo\/wp-content\/uploads\/2016\/06\/montagem_final_102-1.jpg\" class=\"img-responsive\" \/><\/span><div class=\"fusion-title title\"><div class=\"title-sep-container\"><div class=\"title-sep sep-single\"><\/div><\/div><h1 class=\"title-heading-right\">FCA &#8211; Fiat Chrysler Automobiles    <\/h1><\/div><span class=\"fusion-imageframe imageframe imageframe-none imageframe-15\"> <img decoding=\"async\" alt=\"\" src=\"http:\/\/www.leolara.com.br\/novo\/wp-content\/uploads\/2016\/06\/pista_prova_006.jpg\" class=\"img-responsive\" \/><\/span><div class=\"fusion-title title\"><div class=\"title-sep-container\"><div class=\"title-sep sep-single\"><\/div><\/div><h1 class=\"title-heading-right\">FCA &#8211; Fiat Chrysler Automobiles    <\/h1><\/div><\/div><\/div>\n","protected":false},"excerpt":{"rendered":"","protected":false},"author":1,"featured_media":0,"parent":12868,"menu_order":0,"comment_status":"closed","ping_status":"closed","template":"","meta":{"footnotes":""},"class_list":["post-12933","page","type-page","status-publish","hentry"],"jetpack_sharing_enabled":true,"_links":{"self":[{"href":"http:\/\/www.leolara.com.br\/novo\/wp-json\/wp\/v2\/pages\/12933","targetHints":{"allow":["GET"]}}],"collection":[{"href":"http:\/\/www.leolara.com.br\/novo\/wp-json\/wp\/v2\/pages"}],"about":[{"href":"http:\/\/www.leolara.com.br\/novo\/wp-json\/wp\/v2\/types\/page"}],"author":[{"embeddable":true,"href":"http:\/\/www.leolara.com.br\/novo\/wp-json\/wp\/v2\/users\/1"}],"replies":[{"embeddable":true,"href":"http:\/\/www.leolara.com.br\/novo\/wp-json\/wp\/v2\/comments?post=12933"}],"version-history":[{"count":10,"href":"http:\/\/www.leolara.com.br\/novo\/wp-json\/wp\/v2\/pages\/12933\/revisions"}],"predecessor-version":[{"id":13292,"href":"http:\/\/www.leolara.com.br\/novo\/wp-json\/wp\/v2\/pages\/12933\/revisions\/13292"}],"up":[{"embeddable":true,"href":"http:\/\/www.leolara.com.br\/novo\/wp-json\/wp\/v2\/pages\/12868"}],"wp:attachment":[{"href":"http:\/\/www.leolara.com.br\/novo\/wp-json\/wp\/v2\/media?parent=12933"}],"curies":[{"name":"wp","href":"https:\/\/api.w.org\/{rel}","templated":true}]}}