{"id":12937,"date":"2016-06-06T22:19:47","date_gmt":"2016-06-07T01:19:47","guid":{"rendered":"http:\/\/www.leolara.com.br\/novo\/?page_id=12937"},"modified":"2017-03-13T17:22:12","modified_gmt":"2017-03-13T20:22:12","slug":"jornalismo","status":"publish","type":"page","link":"http:\/\/www.leolara.com.br\/novo\/portifolio\/jornalismo\/","title":{"rendered":"Jornalismo"},"content":{"rendered":"<div class=\"fusion-fullwidth fullwidth-box\" style=\"background-color:#242424;background-attachment:scroll;background-position:left top;background-repeat:no-repeat;-webkit-background-size:cover;-moz-background-size:cover;-o-background-size:cover;background-size:cover;border-color:#3e3e3e;border-bottom-width: 0px;border-top-width: 0px;border-bottom-style: solid;border-top-style: solid;padding-bottom:20px;padding-left:0px;padding-right:0px;padding-top:20px;\"><div class=\"avada-row\"><div class=\"imageframe-align-center\"><span class=\"fusion-imageframe imageframe imageframe-none imageframe-1\"> <img decoding=\"async\" alt=\"\" src=\"http:\/\/www.leolara.com.br\/novo\/wp-content\/uploads\/2016\/06\/FHC.jpg\" class=\"img-responsive\" \/><\/span><\/div><div class=\"fusion-title title\"><div class=\"title-sep-container\"><div class=\"title-sep sep-single\"><\/div><\/div><h1 class=\"title-heading-right\">Troca do Real &#8211; Po\u00e7os de Caldas &#8211; MG 1994    <\/h1><\/div><div class=\"imageframe-align-center\"><span class=\"fusion-imageframe imageframe imageframe-none imageframe-2\"> <img decoding=\"async\" alt=\"\" src=\"http:\/\/www.leolara.com.br\/novo\/wp-content\/uploads\/2016\/06\/LulaxNYTimes.jpg\" class=\"img-responsive\" \/><\/span><\/div><div class=\"fusion-title title\"><div class=\"title-sep-container\"><div class=\"title-sep sep-single\"><\/div><\/div><h1 class=\"title-heading-right\">O Presidente Lula visita a Fiat Autom\u00f3veis em 2004    <\/h1><\/div><div class=\"imageframe-align-center\"><span class=\"fusion-imageframe imageframe imageframe-none imageframe-3\"> <img decoding=\"async\" alt=\"\" src=\"http:\/\/www.leolara.com.br\/novo\/wp-content\/uploads\/2016\/06\/09G8474.jpg\" class=\"img-responsive\" \/><\/span><\/div><div class=\"fusion-title title\"><div class=\"title-sep-container\"><div class=\"title-sep sep-single\"><\/div><\/div><h1 class=\"title-heading-right\">Copa das Confedera\u00e7\u00f5es &#8211; Joahannesburgo &#8211; \u00c1frica do Sul em 2009    <\/h1><\/div><div class=\"imageframe-align-center\"><span class=\"fusion-imageframe imageframe imageframe-none imageframe-4\"> <img decoding=\"async\" alt=\"\" src=\"http:\/\/www.leolara.com.br\/novo\/wp-content\/uploads\/2016\/06\/soweto1a-1.jpg\" class=\"img-responsive\" \/><\/span><\/div><div class=\"fusion-title title\"><div class=\"title-sep-container\"><div class=\"title-sep sep-single\"><\/div><\/div><h1 class=\"title-heading-right\">Bairro de Soweto &#8211; Joahannesburgo &#8211; \u00c1frica do Sul em 2009    <\/h1><\/div><div class=\"imageframe-align-center\"><span class=\"fusion-imageframe imageframe imageframe-none imageframe-5\"> <img decoding=\"async\" alt=\"\" src=\"http:\/\/www.leolara.com.br\/novo\/wp-content\/uploads\/2016\/06\/LPL1067-1.jpg\" class=\"img-responsive\" \/><\/span><\/div><div class=\"fusion-title title\"><div class=\"title-sep-container\"><div class=\"title-sep sep-single\"><\/div><\/div><h1 class=\"title-heading-right\">Copa das Confedera\u00e7\u00f5es &#8211; Joahannesburgo &#8211; \u00c1frica do Sul em 2009   <\/h1><\/div><div class=\"imageframe-align-center\"><span class=\"fusion-imageframe imageframe imageframe-none imageframe-6\"> <img decoding=\"async\" alt=\"\" src=\"http:\/\/www.leolara.com.br\/novo\/wp-content\/uploads\/2016\/06\/TROFEU1131-1.jpg\" class=\"img-responsive\" \/><\/span><\/div><div class=\"fusion-title title\"><div class=\"title-sep-container\"><div class=\"title-sep sep-single\"><\/div><\/div><h1 class=\"title-heading-right\">Copa das Confedera\u00e7\u00f5es &#8211; Joahannesburgo &#8211; \u00c1frica do Sul em 2009   <\/h1><\/div><\/div><\/div>\n","protected":false},"excerpt":{"rendered":"","protected":false},"author":1,"featured_media":0,"parent":12868,"menu_order":0,"comment_status":"closed","ping_status":"closed","template":"","meta":{"footnotes":""},"class_list":["post-12937","page","type-page","status-publish","hentry"],"jetpack_sharing_enabled":true,"_links":{"self":[{"href":"http:\/\/www.leolara.com.br\/novo\/wp-json\/wp\/v2\/pages\/12937","targetHints":{"allow":["GET"]}}],"collection":[{"href":"http:\/\/www.leolara.com.br\/novo\/wp-json\/wp\/v2\/pages"}],"about":[{"href":"http:\/\/www.leolara.com.br\/novo\/wp-json\/wp\/v2\/types\/page"}],"author":[{"embeddable":true,"href":"http:\/\/www.leolara.com.br\/novo\/wp-json\/wp\/v2\/users\/1"}],"replies":[{"embeddable":true,"href":"http:\/\/www.leolara.com.br\/novo\/wp-json\/wp\/v2\/comments?post=12937"}],"version-history":[{"count":6,"href":"http:\/\/www.leolara.com.br\/novo\/wp-json\/wp\/v2\/pages\/12937\/revisions"}],"predecessor-version":[{"id":13362,"href":"http:\/\/www.leolara.com.br\/novo\/wp-json\/wp\/v2\/pages\/12937\/revisions\/13362"}],"up":[{"embeddable":true,"href":"http:\/\/www.leolara.com.br\/novo\/wp-json\/wp\/v2\/pages\/12868"}],"wp:attachment":[{"href":"http:\/\/www.leolara.com.br\/novo\/wp-json\/wp\/v2\/media?parent=12937"}],"curies":[{"name":"wp","href":"https:\/\/api.w.org\/{rel}","templated":true}]}}