{"id":12943,"date":"2016-06-06T22:20:48","date_gmt":"2016-06-07T01:20:48","guid":{"rendered":"http:\/\/www.leolara.com.br\/novo\/?page_id=12943"},"modified":"2017-03-14T19:53:47","modified_gmt":"2017-03-14T22:53:47","slug":"retratos","status":"publish","type":"page","link":"http:\/\/www.leolara.com.br\/novo\/portifolio\/retratos\/","title":{"rendered":"Retratos"},"content":{"rendered":"<div class=\"fusion-fullwidth fullwidth-box\" style=\"background-color:#242424;background-attachment:scroll;background-position:left top;background-repeat:no-repeat;-webkit-background-size:cover;-moz-background-size:cover;-o-background-size:cover;background-size:cover;border-color:#3e3e3e;border-bottom-width: 0px;border-top-width: 0px;border-bottom-style: solid;border-top-style: solid;padding-bottom:20px;padding-left:0px;padding-right:0px;padding-top:20px;\"><div class=\"avada-row\"><div class=\"imageframe-align-center\"><span class=\"fusion-imageframe imageframe imageframe-none imageframe-1\"> <img decoding=\"async\" alt=\"\" src=\"http:\/\/www.leolara.com.br\/novo\/wp-content\/uploads\/2016\/06\/yara-3.jpg\" class=\"img-responsive\" \/><\/span><\/div><div class=\"fusion-title title\"><div class=\"title-sep-container\"><div class=\"title-sep sep-single\"><\/div><\/div><h1 class=\"title-heading-right\">Yara Tupinamb\u00e1   <\/h1><\/div><span class=\"fusion-imageframe imageframe imageframe-none imageframe-2\"> <img decoding=\"async\" alt=\"\" src=\"http:\/\/www.leolara.com.br\/novo\/wp-content\/uploads\/2016\/06\/Rosanne-Mulholland-e-Joao-Miguel.jpg\" class=\"img-responsive\" \/><\/span><div class=\"fusion-title title\"><div class=\"title-sep-container\"><div class=\"title-sep sep-single\"><\/div><\/div><h1 class=\"title-heading-right\">Rosanne Mulholland e Jo\u00e3o Miguel   <\/h1><\/div><span class=\"fusion-imageframe imageframe imageframe-none imageframe-3\"> <img decoding=\"async\" alt=\"\" src=\"http:\/\/www.leolara.com.br\/novo\/wp-content\/uploads\/2017\/03\/23012017_Foto-Leo-Lara_3988.jpg\" class=\"img-responsive\" \/><\/span><div class=\"fusion-title title\"><div class=\"title-sep-container\"><div class=\"title-sep sep-single\"><\/div><\/div><h1 class=\"title-heading-right\">Leandra Leal   <\/h1><\/div><span class=\"fusion-imageframe imageframe imageframe-none imageframe-4\"> <img decoding=\"async\" alt=\"\" src=\"http:\/\/www.leolara.com.br\/novo\/wp-content\/uploads\/2016\/06\/MG_0421-1.jpg\" class=\"img-responsive\" \/><\/span><div class=\"fusion-title title\"><div class=\"title-sep-container\"><div class=\"title-sep sep-single\"><\/div><\/div><h1 class=\"title-heading-right\">Felipe Bragan\u00e7a   <\/h1><\/div><span class=\"fusion-imageframe imageframe imageframe-none imageframe-5\"> <img decoding=\"async\" alt=\"\" src=\"http:\/\/www.leolara.com.br\/novo\/wp-content\/uploads\/2016\/06\/PL_0550.jpg\" class=\"img-responsive\" \/><\/span><div class=\"fusion-title title\"><div class=\"title-sep-container\"><div class=\"title-sep sep-single\"><\/div><\/div><h1 class=\"title-heading-right\">Selton Melo   <\/h1><\/div><span class=\"fusion-imageframe imageframe imageframe-none imageframe-6\"> <img decoding=\"async\" alt=\"\" src=\"http:\/\/www.leolara.com.br\/novo\/wp-content\/uploads\/2016\/06\/Lilinho-3.jpg\" class=\"img-responsive\" \/><\/span><div class=\"fusion-title title\"><div class=\"title-sep-container\"><div class=\"title-sep sep-single\"><\/div><\/div><h1 class=\"title-heading-right\">Seu Lilinho   <\/h1><\/div><span class=\"fusion-imageframe imageframe imageframe-none imageframe-7\"> <img decoding=\"async\" alt=\"\" src=\"http:\/\/www.leolara.com.br\/novo\/wp-content\/uploads\/2017\/03\/LEO15.jpg\" class=\"img-responsive\" \/><\/span><div class=\"fusion-title title\"><div class=\"title-sep-container\"><div class=\"title-sep sep-single\"><\/div><\/div><h1 class=\"title-heading-right\">Ariano Suassuna   <\/h1><\/div><span class=\"fusion-imageframe imageframe imageframe-none imageframe-8\"> <img decoding=\"async\" alt=\"\" src=\"http:\/\/www.leolara.com.br\/novo\/wp-content\/uploads\/2017\/03\/jota-dangelo.jpg\" class=\"img-responsive\" \/><\/span><div class=\"fusion-title title\"><div class=\"title-sep-container\"><div class=\"title-sep sep-single\"><\/div><\/div><h1 class=\"title-heading-right\">Jota D&#8217;\u00c2ngelo   <\/h1><\/div><span class=\"fusion-imageframe imageframe imageframe-none imageframe-9\"> <img decoding=\"async\" alt=\"\" src=\"http:\/\/www.leolara.com.br\/novo\/wp-content\/uploads\/2017\/03\/IMG_9992.jpg\" class=\"img-responsive\" \/><\/span><div class=\"fusion-title title\"><div class=\"title-sep-container\"><div class=\"title-sep sep-single\"><\/div><\/div><h1 class=\"title-heading-right\">L\u00facio Pentagna Guimar\u00e3es e L\u00facio Neto   <\/h1><\/div><span class=\"fusion-imageframe imageframe imageframe-none imageframe-10\"> <img decoding=\"async\" alt=\"\" src=\"http:\/\/www.leolara.com.br\/novo\/wp-content\/uploads\/2017\/03\/IMG_7696.jpg\" class=\"img-responsive\" \/><\/span><div class=\"fusion-title title\"><div class=\"title-sep-container\"><div class=\"title-sep sep-single\"><\/div><\/div><h1 class=\"title-heading-right\">Domingos Costa   <\/h1><\/div><span class=\"fusion-imageframe imageframe imageframe-none imageframe-11\"> <img decoding=\"async\" alt=\"\" src=\"http:\/\/www.leolara.com.br\/novo\/wp-content\/uploads\/2016\/06\/lili-marinho.jpg\" class=\"img-responsive\" \/><\/span><div class=\"fusion-title title\"><div class=\"title-sep-container\"><div class=\"title-sep sep-single\"><\/div><\/div><h1 class=\"title-heading-right\">Lili Marinho   <\/h1><\/div><span class=\"fusion-imageframe imageframe imageframe-none imageframe-12\"> <img decoding=\"async\" alt=\"\" src=\"http:\/\/www.leolara.com.br\/novo\/wp-content\/uploads\/2017\/03\/Irene-Ravache-e-Marcus-Caruso.jpg\" class=\"img-responsive\" \/><\/span><div class=\"fusion-title title\"><div class=\"title-sep-container\"><div class=\"title-sep sep-single\"><\/div><\/div><h1 class=\"title-heading-right\">Irene Ravache e Marcus Caruso   <\/h1><\/div><span class=\"fusion-imageframe imageframe imageframe-none imageframe-13\"> <img decoding=\"async\" alt=\"\" src=\"http:\/\/www.leolara.com.br\/novo\/wp-content\/uploads\/2016\/06\/MG_1194-1.jpg\" class=\"img-responsive\" \/><\/span><div class=\"fusion-title title\"><div class=\"title-sep-container\"><div class=\"title-sep sep-single\"><\/div><\/div><h1 class=\"title-heading-right\">Lourenco Mutarelli   <\/h1><\/div><span class=\"fusion-imageframe imageframe imageframe-none imageframe-14\"> <img decoding=\"async\" alt=\"\" src=\"http:\/\/www.leolara.com.br\/novo\/wp-content\/uploads\/2017\/03\/djin-sganzela.jpg\" class=\"img-responsive\" \/><\/span><div class=\"fusion-title title\"><div class=\"title-sep-container\"><div class=\"title-sep sep-single\"><\/div><\/div><h1 class=\"title-heading-right\">Djin Sganzela   <\/h1><\/div><span class=\"fusion-imageframe imageframe imageframe-none imageframe-15\"> <img decoding=\"async\" alt=\"\" src=\"http:\/\/www.leolara.com.br\/novo\/wp-content\/uploads\/2016\/06\/os-cangaceiros.jpg\" class=\"img-responsive\" \/><\/span><div class=\"fusion-title title\"><div class=\"title-sep-container\"><div class=\"title-sep sep-single\"><\/div><\/div><h1 class=\"title-heading-right\">Moreno e Durvinha   <\/h1><\/div><span class=\"fusion-imageframe imageframe imageframe-none imageframe-16\"> <img decoding=\"async\" alt=\"\" src=\"http:\/\/www.leolara.com.br\/novo\/wp-content\/uploads\/2016\/06\/Nelson-Pereira-dos-Santos.jpg\" class=\"img-responsive\" \/><\/span><div class=\"fusion-title title\"><div class=\"title-sep-container\"><div class=\"title-sep sep-single\"><\/div><\/div><h1 class=\"title-heading-right\">Nelson Pereira dos Santos   <\/h1><\/div><span class=\"fusion-imageframe imageframe imageframe-none imageframe-17\"> <img decoding=\"async\" alt=\"\" src=\"http:\/\/www.leolara.com.br\/novo\/wp-content\/uploads\/2016\/06\/MG_6329-1.jpg\" class=\"img-responsive\" \/><\/span><div class=\"fusion-title title\"><div class=\"title-sep-container\"><div class=\"title-sep sep-single\"><\/div><\/div><h1 class=\"title-heading-right\">Helv\u00e9cio Ratton   <\/h1><\/div><span class=\"fusion-imageframe imageframe imageframe-none imageframe-18\"> <img decoding=\"async\" alt=\"\" src=\"http:\/\/www.leolara.com.br\/novo\/wp-content\/uploads\/2016\/06\/Helena-Ignez-2.jpg\" class=\"img-responsive\" \/><\/span><div class=\"fusion-title title\"><div class=\"title-sep-container\"><div class=\"title-sep sep-single\"><\/div><\/div><h1 class=\"title-heading-right\">Helena Ign\u00eaz   <\/h1><\/div><span class=\"fusion-imageframe imageframe imageframe-none imageframe-19\"> <img decoding=\"async\" alt=\"\" src=\"http:\/\/www.leolara.com.br\/novo\/wp-content\/uploads\/2016\/06\/tizumba-1.jpg\" class=\"img-responsive\" \/><\/span><div class=\"fusion-title title\"><div class=\"title-sep-container\"><div class=\"title-sep sep-single\"><\/div><\/div><h1 class=\"title-heading-right\">Maur\u00edcio Tizumba   <\/h1><\/div><span class=\"fusion-imageframe imageframe imageframe-none imageframe-20\"> <img decoding=\"async\" alt=\"\" src=\"http:\/\/www.leolara.com.br\/novo\/wp-content\/uploads\/2016\/06\/30012014_Foto-Leo-Lara_0650-2.jpg\" class=\"img-responsive\" \/><\/span><div class=\"fusion-title title\"><div class=\"title-sep-container\"><div class=\"title-sep sep-single\"><\/div><\/div><h1 class=\"title-heading-right\">Cao Guimar\u00e3es   <\/h1><\/div><span class=\"fusion-imageframe imageframe imageframe-none imageframe-21\"> <img decoding=\"async\" alt=\"\" src=\"http:\/\/www.leolara.com.br\/novo\/wp-content\/uploads\/2016\/06\/Palhaco-Popo-1.jpg\" class=\"img-responsive\" \/><\/span><div class=\"fusion-title title\"><div class=\"title-sep-container\"><div class=\"title-sep sep-single\"><\/div><\/div><h1 class=\"title-heading-right\">Palha\u00e7o Pop\u00f3   <\/h1><\/div><span class=\"fusion-imageframe imageframe imageframe-none imageframe-22\"> <img decoding=\"async\" alt=\"\" src=\"http:\/\/www.leolara.com.br\/novo\/wp-content\/uploads\/2016\/06\/26012014_Foto-Leo-Lara_5583-2.jpg\" class=\"img-responsive\" \/><\/span><div class=\"fusion-title title\"><div class=\"title-sep-container\"><div class=\"title-sep sep-single\"><\/div><\/div><h1 class=\"title-heading-right\">Gero Camilo   <\/h1><\/div><span class=\"fusion-imageframe imageframe imageframe-none imageframe-23\"> <img decoding=\"async\" alt=\"\" src=\"http:\/\/www.leolara.com.br\/novo\/wp-content\/uploads\/2016\/06\/Grupo-UAKTI-Foto-Leo-Lara-006.jpg\" class=\"img-responsive\" \/><\/span><div class=\"fusion-title title\"><div class=\"title-sep-container\"><div class=\"title-sep sep-single\"><\/div><\/div><h1 class=\"title-heading-right\">Grupo Uakti   <\/h1><\/div><\/div><\/div>\n","protected":false},"excerpt":{"rendered":"","protected":false},"author":1,"featured_media":0,"parent":12868,"menu_order":0,"comment_status":"closed","ping_status":"closed","template":"","meta":{"footnotes":""},"class_list":["post-12943","page","type-page","status-publish","hentry"],"jetpack_sharing_enabled":true,"_links":{"self":[{"href":"http:\/\/www.leolara.com.br\/novo\/wp-json\/wp\/v2\/pages\/12943","targetHints":{"allow":["GET"]}}],"collection":[{"href":"http:\/\/www.leolara.com.br\/novo\/wp-json\/wp\/v2\/pages"}],"about":[{"href":"http:\/\/www.leolara.com.br\/novo\/wp-json\/wp\/v2\/types\/page"}],"author":[{"embeddable":true,"href":"http:\/\/www.leolara.com.br\/novo\/wp-json\/wp\/v2\/users\/1"}],"replies":[{"embeddable":true,"href":"http:\/\/www.leolara.com.br\/novo\/wp-json\/wp\/v2\/comments?post=12943"}],"version-history":[{"count":12,"href":"http:\/\/www.leolara.com.br\/novo\/wp-json\/wp\/v2\/pages\/12943\/revisions"}],"predecessor-version":[{"id":13380,"href":"http:\/\/www.leolara.com.br\/novo\/wp-json\/wp\/v2\/pages\/12943\/revisions\/13380"}],"up":[{"embeddable":true,"href":"http:\/\/www.leolara.com.br\/novo\/wp-json\/wp\/v2\/pages\/12868"}],"wp:attachment":[{"href":"http:\/\/www.leolara.com.br\/novo\/wp-json\/wp\/v2\/media?parent=12943"}],"curies":[{"name":"wp","href":"https:\/\/api.w.org\/{rel}","templated":true}]}}